{"id":6908,"date":"2024-10-16T09:19:37","date_gmt":"2024-10-16T09:19:37","guid":{"rendered":"https:\/\/europaschule-erfurt.de\/wp\/?page_id=6908"},"modified":"2026-01-25T06:59:05","modified_gmt":"2026-01-25T06:59:05","slug":"aktuelles-2","status":"publish","type":"page","link":"https:\/\/europaschule-erfurt.de\/wp\/aktuelles-2\/","title":{"rendered":"AKTUELLES"},"content":{"rendered":"\t\t<div data-elementor-type=\"wp-page\" data-elementor-id=\"6908\" class=\"elementor elementor-6908\">\n\t\t\t\t\t\t<section class=\"elementor-section elementor-top-section elementor-element elementor-element-afec7fe elementor-section-boxed elementor-section-height-default elementor-section-height-default\" data-id=\"afec7fe\" data-element_type=\"section\" data-e-type=\"section\">\n\t\t\t\t\t\t<div class=\"elementor-container elementor-column-gap-default\">\n\t\t\t\t\t<div class=\"elementor-column elementor-col-100 elementor-top-column elementor-element elementor-element-b8ab139\" data-id=\"b8ab139\" data-element_type=\"column\" data-e-type=\"column\">\n\t\t\t<div class=\"elementor-widget-wrap elementor-element-populated\">\n\t\t\t\t\t\t<div class=\"elementor-element elementor-element-55c9fe7 elementor-widget elementor-widget-heading\" data-id=\"55c9fe7\" data-element_type=\"widget\" data-e-type=\"widget\" data-widget_type=\"heading.default\">\n\t\t\t\t<div class=\"elementor-widget-container\">\n\t\t\t\t\t<span id=55c9fe7><\/span><h2 class=\"elementor-heading-title elementor-size-default\">19. Schulschachmeisterschaft<\/h2>\t\t\t\t<\/div>\n\t\t\t\t<\/div>\n\t\t\t\t\t<\/div>\n\t\t<\/div>\n\t\t\t\t\t<\/div>\n\t\t<\/section>\n\t\t\t\t<section class=\"elementor-section elementor-top-section elementor-element elementor-element-1f9475d elementor-section-boxed elementor-section-height-default elementor-section-height-default\" data-id=\"1f9475d\" data-element_type=\"section\" data-e-type=\"section\">\n\t\t\t\t\t\t<div class=\"elementor-container elementor-column-gap-default\">\n\t\t\t\t\t<div class=\"elementor-column elementor-col-50 elementor-top-column elementor-element elementor-element-ccbcff4\" data-id=\"ccbcff4\" data-element_type=\"column\" data-e-type=\"column\">\n\t\t\t<div class=\"elementor-widget-wrap elementor-element-populated\">\n\t\t\t\t\t\t<div class=\"elementor-element elementor-element-33f643e elementor-widget elementor-widget-image\" data-id=\"33f643e\" data-element_type=\"widget\" data-e-type=\"widget\" data-widget_type=\"image.default\">\n\t\t\t\t<div class=\"elementor-widget-container\">\n\t\t\t\t\t<span id=33f643e><\/span>\t\t\t\t\t\t\t\t\t\t<img fetchpriority=\"high\" decoding=\"async\" width=\"730\" height=\"1024\" src=\"https:\/\/europaschule-erfurt.de\/wp\/wp-content\/uploads\/2026\/01\/IMG_0111-730x1024.jpeg\" class=\"attachment-large size-large wp-image-8376\" alt=\"\" srcset=\"https:\/\/europaschule-erfurt.de\/wp\/wp-content\/uploads\/2026\/01\/IMG_0111-730x1024.jpeg 730w, https:\/\/europaschule-erfurt.de\/wp\/wp-content\/uploads\/2026\/01\/IMG_0111-214x300.jpeg 214w, https:\/\/europaschule-erfurt.de\/wp\/wp-content\/uploads\/2026\/01\/IMG_0111-768x1077.jpeg 768w, https:\/\/europaschule-erfurt.de\/wp\/wp-content\/uploads\/2026\/01\/IMG_0111-1095x1536.jpeg 1095w, https:\/\/europaschule-erfurt.de\/wp\/wp-content\/uploads\/2026\/01\/IMG_0111-1460x2048.jpeg 1460w, https:\/\/europaschule-erfurt.de\/wp\/wp-content\/uploads\/2026\/01\/IMG_0111-107x150.jpeg 107w, https:\/\/europaschule-erfurt.de\/wp\/wp-content\/uploads\/2026\/01\/IMG_0111-scaled.jpeg 1826w\" sizes=\"(max-width: 730px) 100vw, 730px\" \/>\t\t\t\t\t\t\t\t\t\t\t\t\t\t\t<\/div>\n\t\t\t\t<\/div>\n\t\t\t\t\t<\/div>\n\t\t<\/div>\n\t\t\t\t<div class=\"elementor-column elementor-col-50 elementor-top-column elementor-element elementor-element-5d5fdca\" data-id=\"5d5fdca\" data-element_type=\"column\" data-e-type=\"column\">\n\t\t\t<div class=\"elementor-widget-wrap elementor-element-populated\">\n\t\t\t\t\t\t<div class=\"elementor-element elementor-element-32ff0b0 elementor-widget elementor-widget-image\" data-id=\"32ff0b0\" data-element_type=\"widget\" data-e-type=\"widget\" data-widget_type=\"image.default\">\n\t\t\t\t<div class=\"elementor-widget-container\">\n\t\t\t\t\t<span id=32ff0b0><\/span>\t\t\t\t\t\t\t\t\t\t<img decoding=\"async\" width=\"900\" height=\"665\" src=\"https:\/\/europaschule-erfurt.de\/wp\/wp-content\/uploads\/2026\/01\/IMG_0112-1024x757.jpeg\" class=\"attachment-large size-large wp-image-8375\" alt=\"\" srcset=\"https:\/\/europaschule-erfurt.de\/wp\/wp-content\/uploads\/2026\/01\/IMG_0112-1024x757.jpeg 1024w, https:\/\/europaschule-erfurt.de\/wp\/wp-content\/uploads\/2026\/01\/IMG_0112-300x222.jpeg 300w, https:\/\/europaschule-erfurt.de\/wp\/wp-content\/uploads\/2026\/01\/IMG_0112-768x567.jpeg 768w, https:\/\/europaschule-erfurt.de\/wp\/wp-content\/uploads\/2026\/01\/IMG_0112-1536x1135.jpeg 1536w, https:\/\/europaschule-erfurt.de\/wp\/wp-content\/uploads\/2026\/01\/IMG_0112-2048x1513.jpeg 2048w, https:\/\/europaschule-erfurt.de\/wp\/wp-content\/uploads\/2026\/01\/IMG_0112-150x111.jpeg 150w\" sizes=\"(max-width: 900px) 100vw, 900px\" \/>\t\t\t\t\t\t\t\t\t\t\t\t\t\t\t<\/div>\n\t\t\t\t<\/div>\n\t\t\t\t\t<\/div>\n\t\t<\/div>\n\t\t\t\t\t<\/div>\n\t\t<\/section>\n\t\t\t\t<section class=\"elementor-section elementor-top-section elementor-element elementor-element-b206e55 elementor-section-boxed elementor-section-height-default elementor-section-height-default\" data-id=\"b206e55\" data-element_type=\"section\" data-e-type=\"section\">\n\t\t\t\t\t\t<div class=\"elementor-container elementor-column-gap-default\">\n\t\t\t\t\t<div class=\"elementor-column elementor-col-100 elementor-top-column elementor-element elementor-element-01ffc56\" data-id=\"01ffc56\" data-element_type=\"column\" data-e-type=\"column\">\n\t\t\t<div class=\"elementor-widget-wrap elementor-element-populated\">\n\t\t\t\t\t\t<div class=\"elementor-element elementor-element-7001826 elementor-widget elementor-widget-spacer\" data-id=\"7001826\" data-element_type=\"widget\" data-e-type=\"widget\" data-widget_type=\"spacer.default\">\n\t\t\t\t<div class=\"elementor-widget-container\">\n\t\t\t\t\t<span id=7001826><\/span>\t\t<div class=\"elementor-spacer\">\n\t\t\t<div class=\"elementor-spacer-inner\"><\/div>\n\t\t<\/div>\n\t\t\t\t\t\t<\/div>\n\t\t\t\t<\/div>\n\t\t\t\t\t<\/div>\n\t\t<\/div>\n\t\t\t\t\t<\/div>\n\t\t<\/section>\n\t\t\t\t<section class=\"elementor-section elementor-top-section elementor-element elementor-element-40c3548 elementor-section-boxed elementor-section-height-default elementor-section-height-default\" data-id=\"40c3548\" data-element_type=\"section\" data-e-type=\"section\">\n\t\t\t\t\t\t<div class=\"elementor-container elementor-column-gap-default\">\n\t\t\t\t\t<div class=\"elementor-column elementor-col-100 elementor-top-column elementor-element elementor-element-1169288\" data-id=\"1169288\" data-element_type=\"column\" data-e-type=\"column\">\n\t\t\t<div class=\"elementor-widget-wrap elementor-element-populated\">\n\t\t\t\t\t\t<div class=\"elementor-element elementor-element-42a809b elementor-widget__width-initial elementor-widget elementor-widget-heading\" data-id=\"42a809b\" data-element_type=\"widget\" data-e-type=\"widget\" data-widget_type=\"heading.default\">\n\t\t\t\t<div class=\"elementor-widget-container\">\n\t\t\t\t\t<span id=42a809b><\/span><h2 class=\"elementor-heading-title elementor-size-default\">Schulanmeldung f\u00fcr das Schuljahr 2026\/2027<\/h2>\t\t\t\t<\/div>\n\t\t\t\t<\/div>\n\t\t\t\t\t<\/div>\n\t\t<\/div>\n\t\t\t\t\t<\/div>\n\t\t<\/section>\n\t\t\t\t<section class=\"elementor-section elementor-top-section elementor-element elementor-element-b0a7773 elementor-section-boxed elementor-section-height-default elementor-section-height-default\" data-id=\"b0a7773\" data-element_type=\"section\" data-e-type=\"section\">\n\t\t\t\t\t\t<div class=\"elementor-container elementor-column-gap-default\">\n\t\t\t\t\t<div class=\"elementor-column elementor-col-100 elementor-top-column elementor-element elementor-element-e959d79\" data-id=\"e959d79\" data-element_type=\"column\" data-e-type=\"column\">\n\t\t\t<div class=\"elementor-widget-wrap elementor-element-populated\">\n\t\t\t\t\t\t<div class=\"elementor-element elementor-element-08f091a elementor-widget__width-initial elementor-widget elementor-widget-text-editor\" data-id=\"08f091a\" data-element_type=\"widget\" data-e-type=\"widget\" data-widget_type=\"text-editor.default\">\n\t\t\t\t<div class=\"elementor-widget-container\">\n\t\t\t\t\t<span id=08f091a><\/span>\t\t\t\t<p>Liebe Eltern,\u00a0<\/p><p>am 5. und 6. Mai 2025, in der Zeit von 13 &#8211; 18 Uhr, haben Sie die M\u00f6glichkeit, Ihr Kind f\u00fcr das Schuljahr 2026\/2027 bei uns anzumelden.<\/p><p>Wir freuen uns, Sie und Ihre Kinder in unserer Schule begr\u00fc\u00dfen zu d\u00fcrfen.<\/p>\t\t\t\t\t\t\t\t<\/div>\n\t\t\t\t<\/div>\n\t\t\t\t\t<\/div>\n\t\t<\/div>\n\t\t\t\t\t<\/div>\n\t\t<\/section>\n\t\t\t\t<section class=\"elementor-section elementor-top-section elementor-element elementor-element-cac0542 elementor-section-boxed elementor-section-height-default elementor-section-height-default\" data-id=\"cac0542\" data-element_type=\"section\" data-e-type=\"section\">\n\t\t\t\t\t\t<div class=\"elementor-container elementor-column-gap-default\">\n\t\t\t\t\t<div class=\"elementor-column elementor-col-100 elementor-top-column elementor-element elementor-element-bc7f4f8\" data-id=\"bc7f4f8\" data-element_type=\"column\" data-e-type=\"column\">\n\t\t\t<div class=\"elementor-widget-wrap\">\n\t\t\t\t\t\t\t<\/div>\n\t\t<\/div>\n\t\t\t\t\t<\/div>\n\t\t<\/section>\n\t\t\t\t<section class=\"elementor-section elementor-top-section elementor-element elementor-element-122c300 elementor-section-boxed elementor-section-height-default elementor-section-height-default\" data-id=\"122c300\" data-element_type=\"section\" data-e-type=\"section\">\n\t\t\t\t\t\t<div class=\"elementor-container elementor-column-gap-default\">\n\t\t\t\t\t<div class=\"elementor-column elementor-col-100 elementor-top-column elementor-element elementor-element-ed505af\" data-id=\"ed505af\" data-element_type=\"column\" data-e-type=\"column\">\n\t\t\t<div class=\"elementor-widget-wrap elementor-element-populated\">\n\t\t\t\t\t\t<div class=\"elementor-element elementor-element-39d222e elementor-widget elementor-widget-heading\" data-id=\"39d222e\" data-element_type=\"widget\" data-e-type=\"widget\" data-widget_type=\"heading.default\">\n\t\t\t\t<div class=\"elementor-widget-container\">\n\t\t\t\t\t<span id=39d222e><\/span><h2 class=\"elementor-heading-title elementor-size-default\"><a href=\"https:\/\/europaschule-erfurt.de\/wp\/wp-content\/uploads\/2025\/03\/Einladung-Europafest-2025.docx\" target=\"_blank\">Europafest &amp; Tag der offenen T\u00fcr<\/a><\/h2>\t\t\t\t<\/div>\n\t\t\t\t<\/div>\n\t\t\t\t\t<\/div>\n\t\t<\/div>\n\t\t\t\t\t<\/div>\n\t\t<\/section>\n\t\t\t\t<section class=\"elementor-section elementor-top-section elementor-element elementor-element-f624bb5 elementor-section-boxed elementor-section-height-default elementor-section-height-default\" data-id=\"f624bb5\" data-element_type=\"section\" data-e-type=\"section\">\n\t\t\t\t\t\t<div class=\"elementor-container elementor-column-gap-default\">\n\t\t\t\t\t<div class=\"elementor-column elementor-col-100 elementor-top-column elementor-element elementor-element-282bf90\" data-id=\"282bf90\" data-element_type=\"column\" data-e-type=\"column\">\n\t\t\t<div class=\"elementor-widget-wrap elementor-element-populated\">\n\t\t\t\t\t\t<div class=\"elementor-element elementor-element-2d53d3c elementor-widget elementor-widget-text-editor\" data-id=\"2d53d3c\" data-element_type=\"widget\" data-e-type=\"widget\" data-widget_type=\"text-editor.default\">\n\t\t\t\t<div class=\"elementor-widget-container\">\n\t\t\t\t\t<span id=2d53d3c><\/span>\t\t\t\t<p>Am Samstag, dem 17. Mai 2025 ist es soweit!<\/p><p>Wir feiern unser j\u00e4hrliches Europa-Fest, sowie den Tag der offenen T\u00fcr und Sie und Ihr Kind sind herzlich dazu eingeladen.<\/p><p>Von 10 &#8211; 13 Uhr erwartet Sie ein buntes Programm und Sie haben die M\u00f6glichkeit, unsere Schule zu entdecken.<\/p><p>F\u00fcr Ihr kulinarisches Wohl ist gesorgt.<\/p>\t\t\t\t\t\t\t\t<\/div>\n\t\t\t\t<\/div>\n\t\t\t\t\t<\/div>\n\t\t<\/div>\n\t\t\t\t\t<\/div>\n\t\t<\/section>\n\t\t\t\t<section class=\"elementor-section elementor-top-section elementor-element elementor-element-040c5eb elementor-section-boxed elementor-section-height-default elementor-section-height-default\" data-id=\"040c5eb\" data-element_type=\"section\" data-e-type=\"section\">\n\t\t\t\t\t\t<div class=\"elementor-container elementor-column-gap-default\">\n\t\t\t\t\t<div class=\"elementor-column elementor-col-100 elementor-top-column elementor-element elementor-element-d80a7d7\" data-id=\"d80a7d7\" data-element_type=\"column\" data-e-type=\"column\">\n\t\t\t<div class=\"elementor-widget-wrap\">\n\t\t\t\t\t\t\t<\/div>\n\t\t<\/div>\n\t\t\t\t\t<\/div>\n\t\t<\/section>\n\t\t\t\t<section class=\"elementor-section elementor-top-section elementor-element elementor-element-ff1d4df elementor-section-boxed elementor-section-height-default elementor-section-height-default\" data-id=\"ff1d4df\" data-element_type=\"section\" data-e-type=\"section\">\n\t\t\t\t\t\t<div class=\"elementor-container elementor-column-gap-default\">\n\t\t\t\t\t<div class=\"elementor-column elementor-col-100 elementor-top-column elementor-element elementor-element-0634b53\" data-id=\"0634b53\" data-element_type=\"column\" data-e-type=\"column\">\n\t\t\t<div class=\"elementor-widget-wrap elementor-element-populated\">\n\t\t\t\t\t\t<div class=\"elementor-element elementor-element-b82461f elementor-widget elementor-widget-heading\" data-id=\"b82461f\" data-element_type=\"widget\" data-e-type=\"widget\" data-widget_type=\"heading.default\">\n\t\t\t\t<div class=\"elementor-widget-container\">\n\t\t\t\t\t<span id=b82461f><\/span><h2 class=\"elementor-heading-title elementor-size-default\"><a href=\"https:\/\/weihnachtspaeckchenkonvoi.de\/eckdaten-konvoi-2024\/\" target=\"_blank\">Kinder helfen Kindern - Weihnachtsp\u00e4ckchenkonvoi<\/a><\/h2>\t\t\t\t<\/div>\n\t\t\t\t<\/div>\n\t\t\t\t\t<\/div>\n\t\t<\/div>\n\t\t\t\t\t<\/div>\n\t\t<\/section>\n\t\t\t\t<section class=\"elementor-section elementor-top-section elementor-element elementor-element-8ed912e elementor-section-boxed elementor-section-height-default elementor-section-height-default\" data-id=\"8ed912e\" data-element_type=\"section\" data-e-type=\"section\">\n\t\t\t\t\t\t<div class=\"elementor-container elementor-column-gap-default\">\n\t\t\t\t\t<div class=\"elementor-column elementor-col-100 elementor-top-column elementor-element elementor-element-e90041c\" data-id=\"e90041c\" data-element_type=\"column\" data-e-type=\"column\">\n\t\t\t<div class=\"elementor-widget-wrap elementor-element-populated\">\n\t\t\t\t\t\t<div class=\"elementor-element elementor-element-99bfe41 elementor-widget elementor-widget-text-editor\" data-id=\"99bfe41\" data-element_type=\"widget\" data-e-type=\"widget\" data-widget_type=\"text-editor.default\">\n\t\t\t\t<div class=\"elementor-widget-container\">\n\t\t\t\t\t<span id=99bfe41><\/span>\t\t\t\t<p>Liebe Eltern,<br \/><br \/>in den letzten Jahren beteiligten sich viele Familien an der Aktion \u201eKinder helfen Kindern\u201c und packten Weihnachtsp\u00e4ckchen. So konnte mit Ihrer Unterst\u00fctzung vielen bed\u00fcrftigen Kindern in entlegenen und l\u00e4ndlichen Regionen in Osteuropa eine kleine Weihnachtsfreude bereitet werden.<br \/><br \/>Auch in diesem Jahr m\u00f6chten wir den Weihnachtsp\u00e4ckchenkonvoi unterst\u00fctzen. <br \/><br \/>Wir freuen uns \u00fcber liebevoll gestaltete und gepackte Weihnachtsp\u00e4ckchen und nehmen diese vom 13.11.- 15.11. an. Am 18.11. startet dann die Reise. <br \/><br \/>Weitere Informationen finden Sie im Flyer im Anhang oder hier:<br \/><br \/><a class=\"messageDangerousUrl\" href=\"https:\/\/weihnachtspaeckchenkonvoi.de\/eckdaten-konvoi-2024\/\" target=\"_blank\" rel=\"noopener\">https:\/\/weihnachtspaeckchenkonvoi.de\/eckdaten-konvoi-2024\/<\/a><br \/><br \/>Vielen Dank f\u00fcr Ihre Unterst\u00fctzung<br \/><br \/>Ihr Team der Europa- Schule Erfurt<\/p>\t\t\t\t\t\t\t\t<\/div>\n\t\t\t\t<\/div>\n\t\t\t\t\t<\/div>\n\t\t<\/div>\n\t\t\t\t\t<\/div>\n\t\t<\/section>\n\t\t\t\t<\/div>\n\t\t","protected":false},"excerpt":{"rendered":"<p>19. Schulschachmeisterschaft Schulanmeldung f\u00fcr das Schuljahr 2026\/2027 Liebe Eltern,\u00a0 am 5. und 6. Mai 2025, in der Zeit von 13 &#8211; 18 Uhr, haben Sie die M\u00f6glichkeit, Ihr Kind f\u00fcr das Schuljahr 2026\/2027 bei uns anzumelden. Wir freuen uns, Sie und Ihre Kinder in unserer Schule begr\u00fc\u00dfen zu d\u00fcrfen. Europafest\u2026<\/p>\n<p> <a class=\"continue-reading-link\" href=\"https:\/\/europaschule-erfurt.de\/wp\/aktuelles-2\/\"><span>Hier k\u00f6nnen Sie mehr erfahren&#8230;<\/span><i class=\"crycon-right-dir\"><\/i><\/a> <\/p>\n","protected":false},"author":2,"featured_media":0,"parent":0,"menu_order":0,"comment_status":"closed","ping_status":"closed","template":"","meta":{"ngg_post_thumbnail":0,"footnotes":""},"class_list":["post-6908","page","type-page","status-publish","hentry"],"yoast_head":"<!-- This site is optimized with the Yoast SEO plugin v27.3 - https:\/\/yoast.com\/product\/yoast-seo-wordpress\/ -->\n<title>AKTUELLES - Europaschule-Erfurt<\/title>\n<meta name=\"robots\" content=\"index, follow, max-snippet:-1, max-image-preview:large, max-video-preview:-1\" \/>\n<link rel=\"canonical\" href=\"https:\/\/europaschule-erfurt.de\/wp\/aktuelles-2\/\" \/>\n<meta property=\"og:locale\" content=\"de_DE\" \/>\n<meta property=\"og:type\" content=\"article\" \/>\n<meta property=\"og:title\" content=\"AKTUELLES - Europaschule-Erfurt\" \/>\n<meta property=\"og:description\" content=\"19. Schulschachmeisterschaft Schulanmeldung f\u00fcr das Schuljahr 2026\/2027 Liebe Eltern,\u00a0 am 5. und 6. Mai 2025, in der Zeit von 13 &#8211; 18 Uhr, haben Sie die M\u00f6glichkeit, Ihr Kind f\u00fcr das Schuljahr 2026\/2027 bei uns anzumelden. Wir freuen uns, Sie und Ihre Kinder in unserer Schule begr\u00fc\u00dfen zu d\u00fcrfen. Europafest\u2026 Hier k\u00f6nnen Sie mehr erfahren...\" \/>\n<meta property=\"og:url\" content=\"https:\/\/europaschule-erfurt.de\/wp\/aktuelles-2\/\" \/>\n<meta property=\"og:site_name\" content=\"Europaschule-Erfurt\" \/>\n<meta property=\"article:modified_time\" content=\"2026-01-25T06:59:05+00:00\" \/>\n<meta property=\"og:image\" content=\"https:\/\/europaschule-erfurt.de\/wp\/wp-content\/uploads\/2026\/01\/IMG_0111-730x1024.jpeg\" \/>\n<meta name=\"twitter:card\" content=\"summary_large_image\" \/>\n<meta name=\"twitter:label1\" content=\"Gesch\u00e4tzte Lesezeit\" \/>\n\t<meta name=\"twitter:data1\" content=\"2\u00a0Minuten\" \/>\n<script type=\"application\/ld+json\" class=\"yoast-schema-graph\">{\"@context\":\"https:\\\/\\\/schema.org\",\"@graph\":[{\"@type\":\"WebPage\",\"@id\":\"https:\\\/\\\/europaschule-erfurt.de\\\/wp\\\/aktuelles-2\\\/\",\"url\":\"https:\\\/\\\/europaschule-erfurt.de\\\/wp\\\/aktuelles-2\\\/\",\"name\":\"AKTUELLES - Europaschule-Erfurt\",\"isPartOf\":{\"@id\":\"https:\\\/\\\/europaschule-erfurt.de\\\/wp\\\/#website\"},\"primaryImageOfPage\":{\"@id\":\"https:\\\/\\\/europaschule-erfurt.de\\\/wp\\\/aktuelles-2\\\/#primaryimage\"},\"image\":{\"@id\":\"https:\\\/\\\/europaschule-erfurt.de\\\/wp\\\/aktuelles-2\\\/#primaryimage\"},\"thumbnailUrl\":\"https:\\\/\\\/europaschule-erfurt.de\\\/wp\\\/wp-content\\\/uploads\\\/2026\\\/01\\\/IMG_0111-730x1024.jpeg\",\"datePublished\":\"2024-10-16T09:19:37+00:00\",\"dateModified\":\"2026-01-25T06:59:05+00:00\",\"breadcrumb\":{\"@id\":\"https:\\\/\\\/europaschule-erfurt.de\\\/wp\\\/aktuelles-2\\\/#breadcrumb\"},\"inLanguage\":\"de\",\"potentialAction\":[{\"@type\":\"ReadAction\",\"target\":[\"https:\\\/\\\/europaschule-erfurt.de\\\/wp\\\/aktuelles-2\\\/\"]}]},{\"@type\":\"ImageObject\",\"inLanguage\":\"de\",\"@id\":\"https:\\\/\\\/europaschule-erfurt.de\\\/wp\\\/aktuelles-2\\\/#primaryimage\",\"url\":\"https:\\\/\\\/europaschule-erfurt.de\\\/wp\\\/wp-content\\\/uploads\\\/2026\\\/01\\\/IMG_0111-scaled.jpeg\",\"contentUrl\":\"https:\\\/\\\/europaschule-erfurt.de\\\/wp\\\/wp-content\\\/uploads\\\/2026\\\/01\\\/IMG_0111-scaled.jpeg\",\"width\":1826,\"height\":2560},{\"@type\":\"BreadcrumbList\",\"@id\":\"https:\\\/\\\/europaschule-erfurt.de\\\/wp\\\/aktuelles-2\\\/#breadcrumb\",\"itemListElement\":[{\"@type\":\"ListItem\",\"position\":1,\"name\":\"Startseite\",\"item\":\"https:\\\/\\\/europaschule-erfurt.de\\\/wp\\\/\"},{\"@type\":\"ListItem\",\"position\":2,\"name\":\"AKTUELLES\"}]},{\"@type\":\"WebSite\",\"@id\":\"https:\\\/\\\/europaschule-erfurt.de\\\/wp\\\/#website\",\"url\":\"https:\\\/\\\/europaschule-erfurt.de\\\/wp\\\/\",\"name\":\"Europaschule-Erfurt\",\"description\":\"Jacob-und-Wilhelm-Grimm-Schule\",\"potentialAction\":[{\"@type\":\"SearchAction\",\"target\":{\"@type\":\"EntryPoint\",\"urlTemplate\":\"https:\\\/\\\/europaschule-erfurt.de\\\/wp\\\/?s={search_term_string}\"},\"query-input\":{\"@type\":\"PropertyValueSpecification\",\"valueRequired\":true,\"valueName\":\"search_term_string\"}}],\"inLanguage\":\"de\"}]}<\/script>\n<!-- \/ Yoast SEO plugin. -->","yoast_head_json":{"title":"AKTUELLES - Europaschule-Erfurt","robots":{"index":"index","follow":"follow","max-snippet":"max-snippet:-1","max-image-preview":"max-image-preview:large","max-video-preview":"max-video-preview:-1"},"canonical":"https:\/\/europaschule-erfurt.de\/wp\/aktuelles-2\/","og_locale":"de_DE","og_type":"article","og_title":"AKTUELLES - Europaschule-Erfurt","og_description":"19. Schulschachmeisterschaft Schulanmeldung f\u00fcr das Schuljahr 2026\/2027 Liebe Eltern,\u00a0 am 5. und 6. Mai 2025, in der Zeit von 13 &#8211; 18 Uhr, haben Sie die M\u00f6glichkeit, Ihr Kind f\u00fcr das Schuljahr 2026\/2027 bei uns anzumelden. Wir freuen uns, Sie und Ihre Kinder in unserer Schule begr\u00fc\u00dfen zu d\u00fcrfen. Europafest\u2026 Hier k\u00f6nnen Sie mehr erfahren...","og_url":"https:\/\/europaschule-erfurt.de\/wp\/aktuelles-2\/","og_site_name":"Europaschule-Erfurt","article_modified_time":"2026-01-25T06:59:05+00:00","og_image":[{"url":"https:\/\/europaschule-erfurt.de\/wp\/wp-content\/uploads\/2026\/01\/IMG_0111-730x1024.jpeg","type":"","width":"","height":""}],"twitter_card":"summary_large_image","twitter_misc":{"Gesch\u00e4tzte Lesezeit":"2\u00a0Minuten"},"schema":{"@context":"https:\/\/schema.org","@graph":[{"@type":"WebPage","@id":"https:\/\/europaschule-erfurt.de\/wp\/aktuelles-2\/","url":"https:\/\/europaschule-erfurt.de\/wp\/aktuelles-2\/","name":"AKTUELLES - Europaschule-Erfurt","isPartOf":{"@id":"https:\/\/europaschule-erfurt.de\/wp\/#website"},"primaryImageOfPage":{"@id":"https:\/\/europaschule-erfurt.de\/wp\/aktuelles-2\/#primaryimage"},"image":{"@id":"https:\/\/europaschule-erfurt.de\/wp\/aktuelles-2\/#primaryimage"},"thumbnailUrl":"https:\/\/europaschule-erfurt.de\/wp\/wp-content\/uploads\/2026\/01\/IMG_0111-730x1024.jpeg","datePublished":"2024-10-16T09:19:37+00:00","dateModified":"2026-01-25T06:59:05+00:00","breadcrumb":{"@id":"https:\/\/europaschule-erfurt.de\/wp\/aktuelles-2\/#breadcrumb"},"inLanguage":"de","potentialAction":[{"@type":"ReadAction","target":["https:\/\/europaschule-erfurt.de\/wp\/aktuelles-2\/"]}]},{"@type":"ImageObject","inLanguage":"de","@id":"https:\/\/europaschule-erfurt.de\/wp\/aktuelles-2\/#primaryimage","url":"https:\/\/europaschule-erfurt.de\/wp\/wp-content\/uploads\/2026\/01\/IMG_0111-scaled.jpeg","contentUrl":"https:\/\/europaschule-erfurt.de\/wp\/wp-content\/uploads\/2026\/01\/IMG_0111-scaled.jpeg","width":1826,"height":2560},{"@type":"BreadcrumbList","@id":"https:\/\/europaschule-erfurt.de\/wp\/aktuelles-2\/#breadcrumb","itemListElement":[{"@type":"ListItem","position":1,"name":"Startseite","item":"https:\/\/europaschule-erfurt.de\/wp\/"},{"@type":"ListItem","position":2,"name":"AKTUELLES"}]},{"@type":"WebSite","@id":"https:\/\/europaschule-erfurt.de\/wp\/#website","url":"https:\/\/europaschule-erfurt.de\/wp\/","name":"Europaschule-Erfurt","description":"Jacob-und-Wilhelm-Grimm-Schule","potentialAction":[{"@type":"SearchAction","target":{"@type":"EntryPoint","urlTemplate":"https:\/\/europaschule-erfurt.de\/wp\/?s={search_term_string}"},"query-input":{"@type":"PropertyValueSpecification","valueRequired":true,"valueName":"search_term_string"}}],"inLanguage":"de"}]}},"_links":{"self":[{"href":"https:\/\/europaschule-erfurt.de\/wp\/wp-json\/wp\/v2\/pages\/6908","targetHints":{"allow":["GET"]}}],"collection":[{"href":"https:\/\/europaschule-erfurt.de\/wp\/wp-json\/wp\/v2\/pages"}],"about":[{"href":"https:\/\/europaschule-erfurt.de\/wp\/wp-json\/wp\/v2\/types\/page"}],"author":[{"embeddable":true,"href":"https:\/\/europaschule-erfurt.de\/wp\/wp-json\/wp\/v2\/users\/2"}],"replies":[{"embeddable":true,"href":"https:\/\/europaschule-erfurt.de\/wp\/wp-json\/wp\/v2\/comments?post=6908"}],"version-history":[{"count":23,"href":"https:\/\/europaschule-erfurt.de\/wp\/wp-json\/wp\/v2\/pages\/6908\/revisions"}],"predecessor-version":[{"id":8379,"href":"https:\/\/europaschule-erfurt.de\/wp\/wp-json\/wp\/v2\/pages\/6908\/revisions\/8379"}],"wp:attachment":[{"href":"https:\/\/europaschule-erfurt.de\/wp\/wp-json\/wp\/v2\/media?parent=6908"}],"curies":[{"name":"wp","href":"https:\/\/api.w.org\/{rel}","templated":true}]}}