{"id":2874,"date":"2019-07-03T06:50:33","date_gmt":"2019-07-03T06:50:33","guid":{"rendered":"http:\/\/europaschule-erfurt.de\/wp\/?page_id=2874"},"modified":"2019-09-12T05:52:43","modified_gmt":"2019-09-12T05:52:43","slug":"wir-leben-und-lernen-in-europa","status":"publish","type":"page","link":"https:\/\/europaschule-erfurt.de\/wp\/wir-leben-und-lernen-in-europa\/","title":{"rendered":"Wir leben und lernen in Europa"},"content":{"rendered":"\t\t<div data-elementor-type=\"wp-post\" data-elementor-id=\"2874\" class=\"elementor elementor-2874\">\n\t\t\t\t\t\t<section class=\"elementor-section elementor-top-section elementor-element elementor-element-d2c2f88 elementor-section-boxed elementor-section-height-default elementor-section-height-default\" data-id=\"d2c2f88\" data-element_type=\"section\" data-e-type=\"section\">\n\t\t\t\t\t\t<div class=\"elementor-container elementor-column-gap-default\">\n\t\t\t\t\t<div class=\"elementor-column elementor-col-100 elementor-top-column elementor-element elementor-element-d2fc124\" data-id=\"d2fc124\" data-element_type=\"column\" data-e-type=\"column\">\n\t\t\t<div class=\"elementor-widget-wrap elementor-element-populated\">\n\t\t\t\t\t\t<div class=\"elementor-element elementor-element-1249ec3 elementor-widget elementor-widget-text-editor\" data-id=\"1249ec3\" data-element_type=\"widget\" data-e-type=\"widget\" data-widget_type=\"text-editor.default\">\n\t\t\t\t<div class=\"elementor-widget-container\">\n\t\t\t\t\t<span id=1249ec3><\/span>\t\t\t\t<p>Erasmus+ ist das Programm f\u00fcr Bildung, Jugend und Sport der Europ\u00e4ischen Union. In Erasmus+ werden die bisherigen EU-Programme f\u00fcr lebenslanges Lernen, Jugend und Sport sowie die europ\u00e4ischen Kooperationsprogramme im Hochschulbereich zusammengefasst.\u00a0 Die Europa-Schule Jacob-und-Wilhelm-Grimm nimmt seit vielen Jahren sowohl an Erasmus+ Projekten der Leitaktion I (Fortbildungen f\u00fcr Lehrkr\u00e4fte im europ\u00e4ischen Ausland) als auch der Leitaktion II (Schulpartnerschaften mit anderen europ\u00e4ischen Schulen) erfolgreich teil.<\/p><p>Im Jahr 2012 konnten wir mit unserem letzten Schulpartnerschaftprojekt den mit 5.000 \u20ac dotierten Th\u00fcringer Europapreis gewinnen. Im Jahr 2019 startet unsere Schule in ein neues Erasmus-Projekt, welches<span style=\"text-align: inherit; word-spacing: inherit;\">\u00a0gemeinsam mit 5 weiteren europ\u00e4ischen Schulen durchgef\u00fchrt wird. In den kommenden Jahren werden wir uns gemeinsam auf die Reise begeben und das Projekt\u00a0<\/span>\u201eEin Medienpass f\u00fcr Grundsch\u00fcler: Unsere mediale Reise zu Kinderbuchhelden Europas\u201c durchf\u00fchren. Mehr dazu finden Sie auf den folgenden Seiten &#8230;<\/p>\t\t\t\t\t\t\t\t<\/div>\n\t\t\t\t<\/div>\n\t\t\t\t\t<\/div>\n\t\t<\/div>\n\t\t\t\t\t<\/div>\n\t\t<\/section>\n\t\t\t\t<section class=\"elementor-section elementor-top-section elementor-element elementor-element-cd24783 elementor-section-boxed elementor-section-height-default elementor-section-height-default\" data-id=\"cd24783\" data-element_type=\"section\" data-e-type=\"section\">\n\t\t\t\t\t\t<div class=\"elementor-container elementor-column-gap-default\">\n\t\t\t\t\t<div class=\"elementor-column elementor-col-33 elementor-top-column elementor-element elementor-element-305a672\" data-id=\"305a672\" data-element_type=\"column\" data-e-type=\"column\">\n\t\t\t<div class=\"elementor-widget-wrap elementor-element-populated\">\n\t\t\t\t\t\t<div class=\"elementor-element elementor-element-cf35bc6 elementor-widget elementor-widget-text-editor\" data-id=\"cf35bc6\" data-element_type=\"widget\" data-e-type=\"widget\" data-widget_type=\"text-editor.default\">\n\t\t\t\t<div class=\"elementor-widget-container\">\n\t\t\t\t\t<span id=cf35bc6><\/span>\t\t\t\t<p><span style=\"font-family: Roboto, sans-serif; font-size: 18px; font-style: normal; font-variant-caps: normal;\">Erasmus+ Leitaktion 1: Fortbildungen f\u00fcr Lehrkr\u00e4fte<\/span><\/p><p><span style=\"font-family: Roboto, sans-serif; font-size: 18px; font-style: normal; font-variant-caps: normal;\"><a href=\"https:\/\/europaschule-erfurt.de\/wp\/unsere-schule\/wir-leben-und-lernen-europa\/\">Hier k\u00f6nnen Sie mehr dar\u00fcber erfahren, welche Eindr\u00fccke die Lehrkr\u00e4fte unserer Schule in den verschiedenen L\u00e4ndern und Schulen Europas sammeln konnten.<\/a><\/span><\/p><p>\u00a0<\/p>\t\t\t\t\t\t\t\t<\/div>\n\t\t\t\t<\/div>\n\t\t\t\t\t<\/div>\n\t\t<\/div>\n\t\t\t\t<div class=\"elementor-column elementor-col-33 elementor-top-column elementor-element elementor-element-442fb3e\" data-id=\"442fb3e\" data-element_type=\"column\" data-e-type=\"column\">\n\t\t\t<div class=\"elementor-widget-wrap elementor-element-populated\">\n\t\t\t\t\t\t<div class=\"elementor-element elementor-element-074958d elementor-widget elementor-widget-text-editor\" data-id=\"074958d\" data-element_type=\"widget\" data-e-type=\"widget\" data-widget_type=\"text-editor.default\">\n\t\t\t\t<div class=\"elementor-widget-container\">\n\t\t\t\t\t<span id=074958d><\/span>\t\t\t\t<p><span style=\"font-family: Roboto, sans-serif; font-size: 18px; font-style: normal; font-variant-caps: normal;\">Erasmus+ Leitaktion 2: Europ\u00e4ische Schulpartnerschaften<\/span><\/p><p><a href=\"https:\/\/europaschule-erfurt.de\/wp\/erasmus-leitaktion-ii-europaeische-schulpartnerschaften\/\">Auf diesen Seiten, erhalten Sie Einblick \u00fcber die vergangenen und aktuellen europ\u00e4ischen Schulpartnerschaften.<\/a><\/p><p><span style=\"text-align: inherit; word-spacing: inherit;\">\u00a0<\/span><\/p>\t\t\t\t\t\t\t\t<\/div>\n\t\t\t\t<\/div>\n\t\t\t\t\t<\/div>\n\t\t<\/div>\n\t\t\t\t<div class=\"elementor-column elementor-col-33 elementor-top-column elementor-element elementor-element-5f1b804\" data-id=\"5f1b804\" data-element_type=\"column\" data-e-type=\"column\">\n\t\t\t<div class=\"elementor-widget-wrap elementor-element-populated\">\n\t\t\t\t\t\t<div class=\"elementor-element elementor-element-3328833 elementor-widget elementor-widget-text-editor\" data-id=\"3328833\" data-element_type=\"widget\" data-e-type=\"widget\" data-widget_type=\"text-editor.default\">\n\t\t\t\t<div class=\"elementor-widget-container\">\n\t\t\t\t\t<span id=3328833><\/span>\t\t\t\t<p>Europa im Unterricht<\/p><p>\u00a0<\/p><p><a href=\"https:\/\/europaschule-erfurt.de\/wp\/europa-im-unterricht\/\">Informieren Sie sich dar\u00fcber, in welchen Projekten unsere Sch\u00fclerinnen und Sch\u00fcler mehr \u00fcber Europa, deren L\u00e4nder und Einwohner erfahren.<\/a><\/p>\t\t\t\t\t\t\t\t<\/div>\n\t\t\t\t<\/div>\n\t\t\t\t\t<\/div>\n\t\t<\/div>\n\t\t\t\t\t<\/div>\n\t\t<\/section>\n\t\t\t\t<\/div>\n\t\t","protected":false},"excerpt":{"rendered":"<p>Erasmus+ ist das Programm f\u00fcr Bildung, Jugend und Sport der Europ\u00e4ischen Union. In Erasmus+ werden die bisherigen EU-Programme f\u00fcr lebenslanges Lernen, Jugend und Sport sowie die europ\u00e4ischen Kooperationsprogramme im Hochschulbereich zusammengefasst.\u00a0 Die Europa-Schule Jacob-und-Wilhelm-Grimm nimmt seit vielen Jahren sowohl an Erasmus+ Projekten der Leitaktion I (Fortbildungen f\u00fcr Lehrkr\u00e4fte im europ\u00e4ischen\u2026<\/p>\n<p> <a class=\"continue-reading-link\" href=\"https:\/\/europaschule-erfurt.de\/wp\/wir-leben-und-lernen-in-europa\/\"><span>Hier k\u00f6nnen Sie mehr erfahren&#8230;<\/span><i class=\"crycon-right-dir\"><\/i><\/a> <\/p>\n","protected":false},"author":1,"featured_media":0,"parent":0,"menu_order":0,"comment_status":"closed","ping_status":"closed","template":"","meta":{"ngg_post_thumbnail":0,"footnotes":""},"class_list":["post-2874","page","type-page","status-publish","hentry"],"yoast_head":"<!-- This site is optimized with the Yoast SEO plugin v27.3 - https:\/\/yoast.com\/product\/yoast-seo-wordpress\/ -->\n<title>Wir leben und lernen in Europa - Europaschule-Erfurt<\/title>\n<meta name=\"robots\" content=\"index, follow, max-snippet:-1, max-image-preview:large, max-video-preview:-1\" \/>\n<link rel=\"canonical\" href=\"https:\/\/europaschule-erfurt.de\/wp\/wir-leben-und-lernen-in-europa\/\" \/>\n<meta property=\"og:locale\" content=\"de_DE\" \/>\n<meta property=\"og:type\" content=\"article\" \/>\n<meta property=\"og:title\" content=\"Wir leben und lernen in Europa - Europaschule-Erfurt\" \/>\n<meta property=\"og:description\" content=\"Erasmus+ ist das Programm f\u00fcr Bildung, Jugend und Sport der Europ\u00e4ischen Union. In Erasmus+ werden die bisherigen EU-Programme f\u00fcr lebenslanges Lernen, Jugend und Sport sowie die europ\u00e4ischen Kooperationsprogramme im Hochschulbereich zusammengefasst.\u00a0 Die Europa-Schule Jacob-und-Wilhelm-Grimm nimmt seit vielen Jahren sowohl an Erasmus+ Projekten der Leitaktion I (Fortbildungen f\u00fcr Lehrkr\u00e4fte im europ\u00e4ischen\u2026 Hier k\u00f6nnen Sie mehr erfahren...\" \/>\n<meta property=\"og:url\" content=\"https:\/\/europaschule-erfurt.de\/wp\/wir-leben-und-lernen-in-europa\/\" \/>\n<meta property=\"og:site_name\" content=\"Europaschule-Erfurt\" \/>\n<meta property=\"article:modified_time\" content=\"2019-09-12T05:52:43+00:00\" \/>\n<meta name=\"twitter:card\" content=\"summary_large_image\" \/>\n<meta name=\"twitter:label1\" content=\"Gesch\u00e4tzte Lesezeit\" \/>\n\t<meta name=\"twitter:data1\" content=\"1\u00a0Minute\" \/>\n<script type=\"application\/ld+json\" class=\"yoast-schema-graph\">{\"@context\":\"https:\\\/\\\/schema.org\",\"@graph\":[{\"@type\":\"WebPage\",\"@id\":\"https:\\\/\\\/europaschule-erfurt.de\\\/wp\\\/wir-leben-und-lernen-in-europa\\\/\",\"url\":\"https:\\\/\\\/europaschule-erfurt.de\\\/wp\\\/wir-leben-und-lernen-in-europa\\\/\",\"name\":\"Wir leben und lernen in Europa - Europaschule-Erfurt\",\"isPartOf\":{\"@id\":\"https:\\\/\\\/europaschule-erfurt.de\\\/wp\\\/#website\"},\"datePublished\":\"2019-07-03T06:50:33+00:00\",\"dateModified\":\"2019-09-12T05:52:43+00:00\",\"breadcrumb\":{\"@id\":\"https:\\\/\\\/europaschule-erfurt.de\\\/wp\\\/wir-leben-und-lernen-in-europa\\\/#breadcrumb\"},\"inLanguage\":\"de\",\"potentialAction\":[{\"@type\":\"ReadAction\",\"target\":[\"https:\\\/\\\/europaschule-erfurt.de\\\/wp\\\/wir-leben-und-lernen-in-europa\\\/\"]}]},{\"@type\":\"BreadcrumbList\",\"@id\":\"https:\\\/\\\/europaschule-erfurt.de\\\/wp\\\/wir-leben-und-lernen-in-europa\\\/#breadcrumb\",\"itemListElement\":[{\"@type\":\"ListItem\",\"position\":1,\"name\":\"Startseite\",\"item\":\"https:\\\/\\\/europaschule-erfurt.de\\\/wp\\\/\"},{\"@type\":\"ListItem\",\"position\":2,\"name\":\"Wir leben und lernen in Europa\"}]},{\"@type\":\"WebSite\",\"@id\":\"https:\\\/\\\/europaschule-erfurt.de\\\/wp\\\/#website\",\"url\":\"https:\\\/\\\/europaschule-erfurt.de\\\/wp\\\/\",\"name\":\"Europaschule-Erfurt\",\"description\":\"Jacob-und-Wilhelm-Grimm-Schule\",\"potentialAction\":[{\"@type\":\"SearchAction\",\"target\":{\"@type\":\"EntryPoint\",\"urlTemplate\":\"https:\\\/\\\/europaschule-erfurt.de\\\/wp\\\/?s={search_term_string}\"},\"query-input\":{\"@type\":\"PropertyValueSpecification\",\"valueRequired\":true,\"valueName\":\"search_term_string\"}}],\"inLanguage\":\"de\"}]}<\/script>\n<!-- \/ Yoast SEO plugin. -->","yoast_head_json":{"title":"Wir leben und lernen in Europa - Europaschule-Erfurt","robots":{"index":"index","follow":"follow","max-snippet":"max-snippet:-1","max-image-preview":"max-image-preview:large","max-video-preview":"max-video-preview:-1"},"canonical":"https:\/\/europaschule-erfurt.de\/wp\/wir-leben-und-lernen-in-europa\/","og_locale":"de_DE","og_type":"article","og_title":"Wir leben und lernen in Europa - Europaschule-Erfurt","og_description":"Erasmus+ ist das Programm f\u00fcr Bildung, Jugend und Sport der Europ\u00e4ischen Union. In Erasmus+ werden die bisherigen EU-Programme f\u00fcr lebenslanges Lernen, Jugend und Sport sowie die europ\u00e4ischen Kooperationsprogramme im Hochschulbereich zusammengefasst.\u00a0 Die Europa-Schule Jacob-und-Wilhelm-Grimm nimmt seit vielen Jahren sowohl an Erasmus+ Projekten der Leitaktion I (Fortbildungen f\u00fcr Lehrkr\u00e4fte im europ\u00e4ischen\u2026 Hier k\u00f6nnen Sie mehr erfahren...","og_url":"https:\/\/europaschule-erfurt.de\/wp\/wir-leben-und-lernen-in-europa\/","og_site_name":"Europaschule-Erfurt","article_modified_time":"2019-09-12T05:52:43+00:00","twitter_card":"summary_large_image","twitter_misc":{"Gesch\u00e4tzte Lesezeit":"1\u00a0Minute"},"schema":{"@context":"https:\/\/schema.org","@graph":[{"@type":"WebPage","@id":"https:\/\/europaschule-erfurt.de\/wp\/wir-leben-und-lernen-in-europa\/","url":"https:\/\/europaschule-erfurt.de\/wp\/wir-leben-und-lernen-in-europa\/","name":"Wir leben und lernen in Europa - Europaschule-Erfurt","isPartOf":{"@id":"https:\/\/europaschule-erfurt.de\/wp\/#website"},"datePublished":"2019-07-03T06:50:33+00:00","dateModified":"2019-09-12T05:52:43+00:00","breadcrumb":{"@id":"https:\/\/europaschule-erfurt.de\/wp\/wir-leben-und-lernen-in-europa\/#breadcrumb"},"inLanguage":"de","potentialAction":[{"@type":"ReadAction","target":["https:\/\/europaschule-erfurt.de\/wp\/wir-leben-und-lernen-in-europa\/"]}]},{"@type":"BreadcrumbList","@id":"https:\/\/europaschule-erfurt.de\/wp\/wir-leben-und-lernen-in-europa\/#breadcrumb","itemListElement":[{"@type":"ListItem","position":1,"name":"Startseite","item":"https:\/\/europaschule-erfurt.de\/wp\/"},{"@type":"ListItem","position":2,"name":"Wir leben und lernen in Europa"}]},{"@type":"WebSite","@id":"https:\/\/europaschule-erfurt.de\/wp\/#website","url":"https:\/\/europaschule-erfurt.de\/wp\/","name":"Europaschule-Erfurt","description":"Jacob-und-Wilhelm-Grimm-Schule","potentialAction":[{"@type":"SearchAction","target":{"@type":"EntryPoint","urlTemplate":"https:\/\/europaschule-erfurt.de\/wp\/?s={search_term_string}"},"query-input":{"@type":"PropertyValueSpecification","valueRequired":true,"valueName":"search_term_string"}}],"inLanguage":"de"}]}},"_links":{"self":[{"href":"https:\/\/europaschule-erfurt.de\/wp\/wp-json\/wp\/v2\/pages\/2874","targetHints":{"allow":["GET"]}}],"collection":[{"href":"https:\/\/europaschule-erfurt.de\/wp\/wp-json\/wp\/v2\/pages"}],"about":[{"href":"https:\/\/europaschule-erfurt.de\/wp\/wp-json\/wp\/v2\/types\/page"}],"author":[{"embeddable":true,"href":"https:\/\/europaschule-erfurt.de\/wp\/wp-json\/wp\/v2\/users\/1"}],"replies":[{"embeddable":true,"href":"https:\/\/europaschule-erfurt.de\/wp\/wp-json\/wp\/v2\/comments?post=2874"}],"version-history":[{"count":6,"href":"https:\/\/europaschule-erfurt.de\/wp\/wp-json\/wp\/v2\/pages\/2874\/revisions"}],"predecessor-version":[{"id":3023,"href":"https:\/\/europaschule-erfurt.de\/wp\/wp-json\/wp\/v2\/pages\/2874\/revisions\/3023"}],"wp:attachment":[{"href":"https:\/\/europaschule-erfurt.de\/wp\/wp-json\/wp\/v2\/media?parent=2874"}],"curies":[{"name":"wp","href":"https:\/\/api.w.org\/{rel}","templated":true}]}}