{"id":260,"date":"2017-11-12T19:08:09","date_gmt":"2017-11-12T19:08:09","guid":{"rendered":"http:\/\/europaschule-erfurt.de\/wp\/?page_id=260"},"modified":"2018-09-18T18:18:41","modified_gmt":"2018-09-18T18:18:41","slug":"spenden","status":"publish","type":"page","link":"https:\/\/europaschule-erfurt.de\/wp\/foerderverein\/spenden\/","title":{"rendered":"Spenden"},"content":{"rendered":"\t\t<div data-elementor-type=\"wp-post\" data-elementor-id=\"260\" class=\"elementor elementor-260 elementor-bc-flex-widget\">\n\t\t\t\t\t\t<section class=\"elementor-section elementor-top-section elementor-element elementor-element-7a1b1596 elementor-section-boxed elementor-section-height-default elementor-section-height-default\" data-id=\"7a1b1596\" data-element_type=\"section\" data-e-type=\"section\">\n\t\t\t\t\t\t<div class=\"elementor-container elementor-column-gap-default\">\n\t\t\t\t\t<div class=\"elementor-column elementor-col-100 elementor-top-column elementor-element elementor-element-341fbf9a\" data-id=\"341fbf9a\" data-element_type=\"column\" data-e-type=\"column\">\n\t\t\t<div class=\"elementor-widget-wrap elementor-element-populated\">\n\t\t\t\t\t\t<div class=\"elementor-element elementor-element-11c8c85a elementor-widget elementor-widget-text-editor\" data-id=\"11c8c85a\" data-element_type=\"widget\" data-e-type=\"widget\" data-widget_type=\"text-editor.default\">\n\t\t\t\t<div class=\"elementor-widget-container\">\n\t\t\t\t\t<span id=11c8c85a><\/span>\t\t\t\t<h4>Dieses Geld konnten wir in den letzten Monaten einnehmen<\/h4><ul><li>Paperman-Tonne: 90 \u20ac<\/li><li>Spende der Stadtwerke Erfurt (1000 \u20ac)<\/li><li>Spenden von Eltern f\u00fcr den Druck des neuen Familienkalenders 2017<\/li><li>Spende vom C&amp;A Erfurt (2000 \u20ac)<\/li><\/ul><p>Wir danken allen, die unseren Sch\u00fclerinnen und Sch\u00fclern etwas Gutes tun wollen und gespendet haben. Sie m\u00f6chten sich auch beteiligen? Dann sprechen Sie uns an! Wir freuen uns auf Sie.<\/p>\t\t\t\t\t\t\t\t<\/div>\n\t\t\t\t<\/div>\n\t\t\t\t\t<\/div>\n\t\t<\/div>\n\t\t\t\t\t<\/div>\n\t\t<\/section>\n\t\t\t\t<\/div>\n\t\t","protected":false},"excerpt":{"rendered":"<p>Dieses Geld konnten wir in den letzten Monaten einnehmen Paperman-Tonne: 90 \u20ac Spende der Stadtwerke Erfurt (1000 \u20ac) Spenden von Eltern f\u00fcr den Druck des neuen Familienkalenders 2017 Spende vom C&amp;A Erfurt (2000 \u20ac) Wir danken allen, die unseren Sch\u00fclerinnen und Sch\u00fclern etwas Gutes tun wollen und gespendet haben. Sie\u2026<\/p>\n<p> <a class=\"continue-reading-link\" href=\"https:\/\/europaschule-erfurt.de\/wp\/foerderverein\/spenden\/\"><span>Hier k\u00f6nnen Sie mehr erfahren&#8230;<\/span><i class=\"crycon-right-dir\"><\/i><\/a> <\/p>\n","protected":false},"author":1,"featured_media":0,"parent":252,"menu_order":4,"comment_status":"closed","ping_status":"closed","template":"","meta":{"ngg_post_thumbnail":0,"footnotes":""},"class_list":["post-260","page","type-page","status-publish","hentry"],"yoast_head":"<!-- This site is optimized with the Yoast SEO plugin v27.3 - https:\/\/yoast.com\/product\/yoast-seo-wordpress\/ -->\n<title>Spenden - Europaschule-Erfurt<\/title>\n<meta name=\"robots\" content=\"index, follow, max-snippet:-1, max-image-preview:large, max-video-preview:-1\" \/>\n<link rel=\"canonical\" href=\"https:\/\/europaschule-erfurt.de\/wp\/foerderverein\/spenden\/\" \/>\n<meta property=\"og:locale\" content=\"de_DE\" \/>\n<meta property=\"og:type\" content=\"article\" \/>\n<meta property=\"og:title\" content=\"Spenden - Europaschule-Erfurt\" \/>\n<meta property=\"og:description\" content=\"Dieses Geld konnten wir in den letzten Monaten einnehmen Paperman-Tonne: 90 \u20ac Spende der Stadtwerke Erfurt (1000 \u20ac) Spenden von Eltern f\u00fcr den Druck des neuen Familienkalenders 2017 Spende vom C&amp;A Erfurt (2000 \u20ac) Wir danken allen, die unseren Sch\u00fclerinnen und Sch\u00fclern etwas Gutes tun wollen und gespendet haben. Sie\u2026 Hier k\u00f6nnen Sie mehr erfahren...\" \/>\n<meta property=\"og:url\" content=\"https:\/\/europaschule-erfurt.de\/wp\/foerderverein\/spenden\/\" \/>\n<meta property=\"og:site_name\" content=\"Europaschule-Erfurt\" \/>\n<meta property=\"article:modified_time\" content=\"2018-09-18T18:18:41+00:00\" \/>\n<meta name=\"twitter:card\" content=\"summary_large_image\" \/>\n<script type=\"application\/ld+json\" class=\"yoast-schema-graph\">{\"@context\":\"https:\\\/\\\/schema.org\",\"@graph\":[{\"@type\":\"WebPage\",\"@id\":\"https:\\\/\\\/europaschule-erfurt.de\\\/wp\\\/foerderverein\\\/spenden\\\/\",\"url\":\"https:\\\/\\\/europaschule-erfurt.de\\\/wp\\\/foerderverein\\\/spenden\\\/\",\"name\":\"Spenden - Europaschule-Erfurt\",\"isPartOf\":{\"@id\":\"https:\\\/\\\/europaschule-erfurt.de\\\/wp\\\/#website\"},\"datePublished\":\"2017-11-12T19:08:09+00:00\",\"dateModified\":\"2018-09-18T18:18:41+00:00\",\"breadcrumb\":{\"@id\":\"https:\\\/\\\/europaschule-erfurt.de\\\/wp\\\/foerderverein\\\/spenden\\\/#breadcrumb\"},\"inLanguage\":\"de\",\"potentialAction\":[{\"@type\":\"ReadAction\",\"target\":[\"https:\\\/\\\/europaschule-erfurt.de\\\/wp\\\/foerderverein\\\/spenden\\\/\"]}]},{\"@type\":\"BreadcrumbList\",\"@id\":\"https:\\\/\\\/europaschule-erfurt.de\\\/wp\\\/foerderverein\\\/spenden\\\/#breadcrumb\",\"itemListElement\":[{\"@type\":\"ListItem\",\"position\":1,\"name\":\"Startseite\",\"item\":\"https:\\\/\\\/europaschule-erfurt.de\\\/wp\\\/\"},{\"@type\":\"ListItem\",\"position\":2,\"name\":\"F\u00f6rderverein\",\"item\":\"https:\\\/\\\/europaschule-erfurt.de\\\/wp\\\/foerderverein\\\/\"},{\"@type\":\"ListItem\",\"position\":3,\"name\":\"Spenden\"}]},{\"@type\":\"WebSite\",\"@id\":\"https:\\\/\\\/europaschule-erfurt.de\\\/wp\\\/#website\",\"url\":\"https:\\\/\\\/europaschule-erfurt.de\\\/wp\\\/\",\"name\":\"Europaschule-Erfurt\",\"description\":\"Jacob-und-Wilhelm-Grimm-Schule\",\"potentialAction\":[{\"@type\":\"SearchAction\",\"target\":{\"@type\":\"EntryPoint\",\"urlTemplate\":\"https:\\\/\\\/europaschule-erfurt.de\\\/wp\\\/?s={search_term_string}\"},\"query-input\":{\"@type\":\"PropertyValueSpecification\",\"valueRequired\":true,\"valueName\":\"search_term_string\"}}],\"inLanguage\":\"de\"}]}<\/script>\n<!-- \/ Yoast SEO plugin. -->","yoast_head_json":{"title":"Spenden - Europaschule-Erfurt","robots":{"index":"index","follow":"follow","max-snippet":"max-snippet:-1","max-image-preview":"max-image-preview:large","max-video-preview":"max-video-preview:-1"},"canonical":"https:\/\/europaschule-erfurt.de\/wp\/foerderverein\/spenden\/","og_locale":"de_DE","og_type":"article","og_title":"Spenden - Europaschule-Erfurt","og_description":"Dieses Geld konnten wir in den letzten Monaten einnehmen Paperman-Tonne: 90 \u20ac Spende der Stadtwerke Erfurt (1000 \u20ac) Spenden von Eltern f\u00fcr den Druck des neuen Familienkalenders 2017 Spende vom C&amp;A Erfurt (2000 \u20ac) Wir danken allen, die unseren Sch\u00fclerinnen und Sch\u00fclern etwas Gutes tun wollen und gespendet haben. Sie\u2026 Hier k\u00f6nnen Sie mehr erfahren...","og_url":"https:\/\/europaschule-erfurt.de\/wp\/foerderverein\/spenden\/","og_site_name":"Europaschule-Erfurt","article_modified_time":"2018-09-18T18:18:41+00:00","twitter_card":"summary_large_image","schema":{"@context":"https:\/\/schema.org","@graph":[{"@type":"WebPage","@id":"https:\/\/europaschule-erfurt.de\/wp\/foerderverein\/spenden\/","url":"https:\/\/europaschule-erfurt.de\/wp\/foerderverein\/spenden\/","name":"Spenden - Europaschule-Erfurt","isPartOf":{"@id":"https:\/\/europaschule-erfurt.de\/wp\/#website"},"datePublished":"2017-11-12T19:08:09+00:00","dateModified":"2018-09-18T18:18:41+00:00","breadcrumb":{"@id":"https:\/\/europaschule-erfurt.de\/wp\/foerderverein\/spenden\/#breadcrumb"},"inLanguage":"de","potentialAction":[{"@type":"ReadAction","target":["https:\/\/europaschule-erfurt.de\/wp\/foerderverein\/spenden\/"]}]},{"@type":"BreadcrumbList","@id":"https:\/\/europaschule-erfurt.de\/wp\/foerderverein\/spenden\/#breadcrumb","itemListElement":[{"@type":"ListItem","position":1,"name":"Startseite","item":"https:\/\/europaschule-erfurt.de\/wp\/"},{"@type":"ListItem","position":2,"name":"F\u00f6rderverein","item":"https:\/\/europaschule-erfurt.de\/wp\/foerderverein\/"},{"@type":"ListItem","position":3,"name":"Spenden"}]},{"@type":"WebSite","@id":"https:\/\/europaschule-erfurt.de\/wp\/#website","url":"https:\/\/europaschule-erfurt.de\/wp\/","name":"Europaschule-Erfurt","description":"Jacob-und-Wilhelm-Grimm-Schule","potentialAction":[{"@type":"SearchAction","target":{"@type":"EntryPoint","urlTemplate":"https:\/\/europaschule-erfurt.de\/wp\/?s={search_term_string}"},"query-input":{"@type":"PropertyValueSpecification","valueRequired":true,"valueName":"search_term_string"}}],"inLanguage":"de"}]}},"_links":{"self":[{"href":"https:\/\/europaschule-erfurt.de\/wp\/wp-json\/wp\/v2\/pages\/260","targetHints":{"allow":["GET"]}}],"collection":[{"href":"https:\/\/europaschule-erfurt.de\/wp\/wp-json\/wp\/v2\/pages"}],"about":[{"href":"https:\/\/europaschule-erfurt.de\/wp\/wp-json\/wp\/v2\/types\/page"}],"author":[{"embeddable":true,"href":"https:\/\/europaschule-erfurt.de\/wp\/wp-json\/wp\/v2\/users\/1"}],"replies":[{"embeddable":true,"href":"https:\/\/europaschule-erfurt.de\/wp\/wp-json\/wp\/v2\/comments?post=260"}],"version-history":[{"count":3,"href":"https:\/\/europaschule-erfurt.de\/wp\/wp-json\/wp\/v2\/pages\/260\/revisions"}],"predecessor-version":[{"id":2318,"href":"https:\/\/europaschule-erfurt.de\/wp\/wp-json\/wp\/v2\/pages\/260\/revisions\/2318"}],"up":[{"embeddable":true,"href":"https:\/\/europaschule-erfurt.de\/wp\/wp-json\/wp\/v2\/pages\/252"}],"wp:attachment":[{"href":"https:\/\/europaschule-erfurt.de\/wp\/wp-json\/wp\/v2\/media?parent=260"}],"curies":[{"name":"wp","href":"https:\/\/api.w.org\/{rel}","templated":true}]}}